{"id":110,"date":"2009-07-14T21:05:13","date_gmt":"2009-07-15T01:05:13","guid":{"rendered":"https:\/\/www.dunany.ca\/?page_id=110"},"modified":"2025-06-22T19:14:02","modified_gmt":"2025-06-22T23:14:02","slug":"links","status":"publish","type":"page","link":"https:\/\/www.dunany.ca\/en\/links","title":{"rendered":"Links"},"content":{"rendered":"<div id=\"container\">\n<ul>\n<li id=\"linkcat-17\" class=\"linkcat\">\n<h2>Canada<\/h2>\n<ul class=\"xoxo blogroll\">\n<li><a title=\"L\u2019agrile du fr\u00eane a tu\u00e9 des millions de fr\u00eanes dans le Sud-Ouest de l\u2019Ontario, au Michigan et dans les \u00c9tats avoisinants. Il repr\u00e9sente une grave menace pour l\u2019\u00e9conomie et l\u2019environnement dans les r\u00e9gions urbaines et bois\u00e9es du Canada et des \u00c9tats-Unis.\" href=\"http:\/\/www.inspection.gc.ca\/vegetaux\/protection-des-vegetaux\/insectes\/agrile-du-frene\/fra\/1337273882117\/1337273975030\">Agrile du fr\u00eane \u2013 Agrilus planipennis<\/a><\/li>\n<li><a title=\"The emerald ash borer has killed millions of ash trees in southwestern Ontario, Michigan and surrounding states. It poses a major economic and environmental threat to urban and forested areas in both countries.\" href=\"http:\/\/EmeraldAshBorer\u2013Agrilusplanipenni\">Emerald Ash Borer \u2013 Agrilus planipenni<\/a><\/li>\n<li><a href=\"http:\/\/www.cmhc-schl.gc.ca\/fr\/co\/enlo\/enre\/enre_009.cfm\">Fosses septiques SCHL<\/a><\/li>\n<li><a href=\"http:\/\/www.cmhc-schl.gc.ca\/en\/co\/maho\/gemare\/gemare_009.cfm\">Septic Systems CMHC<\/a><\/li>\n<\/ul>\n<\/li>\n<li id=\"linkcat-4\" class=\"linkcat\">\n<h2>Dunany<\/h2>\n<ul class=\"xoxo blogroll\">\n<li><a title=\"Association des Propri\u00e9taires du Domaine Lakefield.\" href=\"http:\/\/www.apdlgore.com\/\">APD Lakefield<\/a><\/li>\n<li><a href=\"http:\/\/www.cantondegore.qc.ca\/\">Canton de Gore Township<\/a><\/li>\n<li><a href=\"http:\/\/www.wentworth.ca\/Accueil\/affichage.asp?B=80&amp;langue=1\">Canton de Wentworth Township<\/a><\/li>\n<li><a href=\"http:\/\/www.dunanycountryclub.com\/\" target=\"_blank\" rel=\"noopener\">Dunany Country Club<\/a><\/li>\n<li><a href=\"http:\/\/morrison13750.tripod.com\/dunany\/histindx.pdf\">History of Dunany by Eleonor Hammond<\/a><\/li>\n<li><a href=\"http:\/\/www.lac-louisa.ca\/\" target=\"_blank\" rel=\"noopener\">Lake Louisa POA \/AP du lac Louisa<\/a><\/li>\n<li><a title=\"De magnifiques photos de Sylvie Robert (lac Clair)\" href=\"http:\/\/www.pbase.com\/sylvie_robert\">Oiseaux de Dunany<\/a><\/li>\n<li><a href=\"http:\/\/www.ville.lachute.qc.ca\/\">Ville de Lachute<\/a><\/li>\n<\/ul>\n<\/li>\n<li id=\"linkcat-2\" class=\"linkcat\">\n<h2>Qu\u00e9bec<\/h2>\n<ul class=\"xoxo blogroll\">\n<li><a href=\"http:\/\/www.abrinord.qc.ca\/\">Abrinord<\/a><\/li>\n<li><a title=\"Un insecte ravageur : l\u2019agrile du fr\u00eane\" href=\"http:\/\/ville.montreal.qc.ca\/portal\/page?_pageid=7377,91133623&amp;_dad=portal&amp;_schema=PORTAL\">Agrile du fr\u00eane \u00e0 Montr\u00e9al<\/a><\/li>\n<li><a href=\"http:\/\/www.crelaurentides.org\/\" target=\"_blank\" rel=\"noopener\">Conseil r\u00e9gional de l&#8217;environnement des Laurentides<\/a><\/li>\n<li><a href=\"http:\/\/www.formulaire.gouv.qc.ca\/cgi\/affiche_doc.cgi?dossier=1394&amp;sujet=14\">Fosses septiques (Guide technique)<\/a><\/li>\n<li><a href=\"http:\/\/www.argenteuil.qc.ca\/Accueil\/affichage.asp?B=80&amp;langue=1\" target=\"_blank\" rel=\"noopener\">MRC d&#8217;Argenteuil<\/a><\/li>\n<li><a title=\"Le myriophylle \u00e0 \u00e9pi\" href=\"http:\/\/www.invadingspecies.com\/Invadersfr.cfm?A=Page&amp;PID=12\">Plantes Invasives<\/a><\/li>\n<li><a title=\"Lorem ipsum dolor sit amet, consectetur adipisicing elit, sed do eiusmod tempor incididunt ut labore et dolore magna aliqua.\" href=\"http:\/\/www.mddep.gouv.qc.ca\/eau\/rsv-lacs\/index.asp\" target=\"_blank\" rel=\"noopener\">RSVL Qu\u00e9bec<\/a><\/li>\n<li><a href=\"http:\/\/www.parishll.ca\/\">The Parish of the Lower Laurentians<\/a><\/li>\n<li><a href=\"https:\/\/lac-louisa.ca\/en\/\">Lake Louisa Property Owners Association<\/a><\/li>\n<\/ul>\n<\/li>\n<\/ul>\n<\/div>\n\n\n<p><\/p>\n","protected":false},"excerpt":{"rendered":"<p>Canada Agrile du fr\u00eane \u2013 Agrilus planipennis Emerald Ash Borer \u2013 Agrilus planipenni Fosses septiques SCHL Septic Systems CMHC Dunany APD Lakefield Canton de Gore Township Canton de Wentworth Township Dunany Country Club History of Dunany by Eleonor Hammond Lake&hellip; <\/p>\n","protected":false},"author":2,"featured_media":0,"parent":0,"menu_order":5,"comment_status":"closed","ping_status":"closed","template":"","meta":{"footnotes":""},"class_list":["post-110","page","type-page","status-publish","hentry"],"_links":{"self":[{"href":"https:\/\/www.dunany.ca\/en\/wp-json\/wp\/v2\/pages\/110","targetHints":{"allow":["GET"]}}],"collection":[{"href":"https:\/\/www.dunany.ca\/en\/wp-json\/wp\/v2\/pages"}],"about":[{"href":"https:\/\/www.dunany.ca\/en\/wp-json\/wp\/v2\/types\/page"}],"author":[{"embeddable":true,"href":"https:\/\/www.dunany.ca\/en\/wp-json\/wp\/v2\/users\/2"}],"replies":[{"embeddable":true,"href":"https:\/\/www.dunany.ca\/en\/wp-json\/wp\/v2\/comments?post=110"}],"version-history":[{"count":3,"href":"https:\/\/www.dunany.ca\/en\/wp-json\/wp\/v2\/pages\/110\/revisions"}],"predecessor-version":[{"id":17087,"href":"https:\/\/www.dunany.ca\/en\/wp-json\/wp\/v2\/pages\/110\/revisions\/17087"}],"wp:attachment":[{"href":"https:\/\/www.dunany.ca\/en\/wp-json\/wp\/v2\/media?parent=110"}],"curies":[{"name":"wp","href":"https:\/\/api.w.org\/{rel}","templated":true}]}}