{"id":17590,"date":"2025-09-16T13:05:10","date_gmt":"2025-09-16T17:05:10","guid":{"rendered":"https:\/\/www.dunany.ca\/?page_id=17590"},"modified":"2025-09-16T13:05:11","modified_gmt":"2025-09-16T17:05:11","slug":"boyd-lake-plants","status":"publish","type":"page","link":"https:\/\/www.dunany.ca\/en\/environment\/boyd-lake-plants","title":{"rendered":"Boyd Lake Plants"},"content":{"rendered":"\n<p>We now have a better understanding of the aquatic plants in Boyd Lake..<br \/><br \/>On August 7, 2025, Bonnie Swaine and Susan Steeves, two lake residents, together with Chrystelle Matte-Richer, an intern with the CRE Laurentides, carried out a survey of aquatic plants in the lake, just as we had done for the other lakes of Dunany.<br \/><br \/>Good news! All of the plants are native; no exotic or invasive plants have been fonud. You\u2019ll also find several of them in the other Dunany lakes. And as shown on this map, these plants are not especially abundant in the lake.<\/p>\n\n\n\n<figure class=\"wp-block-image size-full\"><img decoding=\"async\" src=\"https:\/\/www.dunany.ca\/wp-content\/uploads\/2025\/09\/herbiers_boyd_2025-4.png\" alt=\"\" class=\"wp-image-17485\"\/><\/figure>\n\n\n\n<p>I would, however, like to draw your attention to the filamentous algae. Their presence is a sign of excessive nutrient input in the lake. Unfortunately, they can be found in most lakes, even in Clear lake.<\/p>\n\n\n\n<p>Well-maintained septic systems, strong shoreline protection bands and properly managed runoff are all measures that help limit the flow of nutrients into our lakes.<\/p>\n\n\n\n<p>Here are the plants.<\/p>\n\n\n<style type=\"text\/css\">\n#foogallery-gallery-17428 .fg-image { width: 150px; }\n#foogallery-gallery-17428 { --fg-gutter: 10px; }<\/style>\n\t\t\t<div class=\"foogallery foogallery-container foogallery-default foogallery-lightbox-foogallery fg-center fg-default fg-ready fg-light fg-border-thin fg-shadow-outline fg-loading-default fg-loaded-fade-in fg-caption-hover fg-hover-fade fg-hover-zoom\" id=\"foogallery-gallery-17428\" data-foogallery=\"{&quot;item&quot;:{&quot;showCaptionTitle&quot;:true,&quot;showCaptionDescription&quot;:true},&quot;lazy&quot;:true}\" data-foogallery-lightbox=\"{&quot;thumbs&quot;:&quot;bottom&quot;,&quot;thumbsCaptions&quot;:false,&quot;thumbsBestFit&quot;:false,&quot;thumbsSmall&quot;:false,&quot;thumbsCaptionsAlign&quot;:&quot;default&quot;,&quot;info&quot;:&quot;bottom&quot;,&quot;infoVisible&quot;:true,&quot;infoOverlay&quot;:true,&quot;infoAlign&quot;:&quot;default&quot;,&quot;transition&quot;:&quot;fade&quot;,&quot;hoverButtons&quot;:false,&quot;fitMedia&quot;:false,&quot;noScrollbars&quot;:true,&quot;preserveButtonSpace&quot;:true,&quot;buttons&quot;:{&quot;fullscreen&quot;:true,&quot;info&quot;:true,&quot;thumbs&quot;:false},&quot;video&quot;:{&quot;autoPlay&quot;:true}}\" style=\"--fg-title-line-clamp: 0; --fg-description-line-clamp: 0;\" >\n\t<div class=\"fg-item fg-type-image fg-idle\"><figure class=\"fg-item-inner\"><a href=\"https:\/\/www.dunany.ca\/wp-content\/uploads\/2017\/03\/Algues-filamenteuses-2.jpg\" data-attachment-id=\"8065\" data-type=\"image\" class=\"fg-thumb\"><span class=\"fg-image-wrap\"><img decoding=\"async\" width=\"150\" height=\"150\" class=\"skip-lazy fg-image\" data-src-fg=\"https:\/\/www.dunany.ca\/wp-content\/uploads\/cache\/2017\/03\/Algues-filamenteuses-2\/3891270964.jpg\" src=\"data:image\/svg+xml,%3Csvg%20xmlns%3D%22http%3A%2F%2Fwww.w3.org%2F2000%2Fsvg%22%20width%3D%22150%22%20height%3D%22150%22%20viewBox%3D%220%200%20150%20150%22%3E%3C%2Fsvg%3E\" loading=\"eager\"><\/span><span class=\"fg-image-overlay\"><\/span><\/a><\/figure><div class=\"fg-loader\"><\/div><\/div><div class=\"fg-item fg-type-image fg-idle\"><figure class=\"fg-item-inner\"><a href=\"https:\/\/www.dunany.ca\/wp-content\/uploads\/2017\/03\/Eriocaulon-2.jpg\" data-attachment-id=\"8091\" data-type=\"image\" class=\"fg-thumb\"><span class=\"fg-image-wrap\"><img decoding=\"async\" width=\"150\" height=\"150\" class=\"skip-lazy fg-image\" data-src-fg=\"https:\/\/www.dunany.ca\/wp-content\/uploads\/cache\/2017\/03\/Eriocaulon-2\/1513824349.jpg\" src=\"data:image\/svg+xml,%3Csvg%20xmlns%3D%22http%3A%2F%2Fwww.w3.org%2F2000%2Fsvg%22%20width%3D%22150%22%20height%3D%22150%22%20viewBox%3D%220%200%20150%20150%22%3E%3C%2Fsvg%3E\" loading=\"eager\"><\/span><span class=\"fg-image-overlay\"><\/span><\/a><\/figure><div class=\"fg-loader\"><\/div><\/div><div class=\"fg-item fg-type-image fg-idle\"><figure class=\"fg-item-inner\"><a href=\"https:\/\/www.dunany.ca\/wp-content\/uploads\/2017\/03\/Nymph\u00e9a.jpg\" data-caption-title=\"N\u00e9nuphar sur le lac Clair \u00e9t\u00e9 2011\" data-attachment-id=\"8068\" data-type=\"image\" class=\"fg-thumb\"><span class=\"fg-image-wrap\"><img decoding=\"async\" title=\"N\u00e9nuphar sur le lac Clair \u00e9t\u00e9 2011\" width=\"150\" height=\"150\" class=\"skip-lazy fg-image\" data-src-fg=\"https:\/\/www.dunany.ca\/wp-content\/uploads\/cache\/2017\/03\/Nymph\u00e9a\/2370352087.jpg\" src=\"data:image\/svg+xml,%3Csvg%20xmlns%3D%22http%3A%2F%2Fwww.w3.org%2F2000%2Fsvg%22%20width%3D%22150%22%20height%3D%22150%22%20viewBox%3D%220%200%20150%20150%22%3E%3C%2Fsvg%3E\" loading=\"eager\"><\/span><span class=\"fg-image-overlay\"><\/span><\/a><figcaption class=\"fg-caption\"><div class=\"fg-caption-inner\"><div class=\"fg-caption-title\">N\u00e9nuphar sur le lac Clair \u00e9t\u00e9 2011<\/div><\/div><\/figcaption><\/figure><div class=\"fg-loader\"><\/div><\/div><div class=\"fg-item fg-type-image fg-idle\"><figure class=\"fg-item-inner\"><a href=\"https:\/\/www.dunany.ca\/wp-content\/uploads\/2017\/03\/Pont\u00e9d\u00e9rie.jpg\" data-attachment-id=\"8069\" data-type=\"image\" class=\"fg-thumb\"><span class=\"fg-image-wrap\"><img decoding=\"async\" width=\"150\" height=\"150\" class=\"skip-lazy fg-image\" data-src-fg=\"https:\/\/www.dunany.ca\/wp-content\/uploads\/cache\/2017\/03\/Pont\u00e9d\u00e9rie\/3909064484.jpg\" src=\"data:image\/svg+xml,%3Csvg%20xmlns%3D%22http%3A%2F%2Fwww.w3.org%2F2000%2Fsvg%22%20width%3D%22150%22%20height%3D%22150%22%20viewBox%3D%220%200%20150%20150%22%3E%3C%2Fsvg%3E\" loading=\"eager\"><\/span><span class=\"fg-image-overlay\"><\/span><\/a><\/figure><div class=\"fg-loader\"><\/div><\/div><div class=\"fg-item fg-type-image fg-idle\"><figure class=\"fg-item-inner\"><a href=\"https:\/\/www.dunany.ca\/wp-content\/uploads\/2017\/03\/Potamot-2.jpg\" data-attachment-id=\"8070\" data-type=\"image\" class=\"fg-thumb\"><span class=\"fg-image-wrap\"><img decoding=\"async\" width=\"150\" height=\"150\" class=\"skip-lazy fg-image\" data-src-fg=\"https:\/\/www.dunany.ca\/wp-content\/uploads\/cache\/2017\/03\/Potamot-2\/2703494281.jpg\" src=\"data:image\/svg+xml,%3Csvg%20xmlns%3D%22http%3A%2F%2Fwww.w3.org%2F2000%2Fsvg%22%20width%3D%22150%22%20height%3D%22150%22%20viewBox%3D%220%200%20150%20150%22%3E%3C%2Fsvg%3E\" loading=\"eager\"><\/span><span class=\"fg-image-overlay\"><\/span><\/a><\/figure><div class=\"fg-loader\"><\/div><\/div><div class=\"fg-item fg-type-image fg-idle\"><figure class=\"fg-item-inner\"><a href=\"https:\/\/www.dunany.ca\/wp-content\/uploads\/2017\/03\/Potamot-de-Robbins-2.jpg\" data-attachment-id=\"8071\" data-type=\"image\" class=\"fg-thumb\"><span class=\"fg-image-wrap\"><img decoding=\"async\" width=\"150\" height=\"150\" class=\"skip-lazy fg-image\" data-src-fg=\"https:\/\/www.dunany.ca\/wp-content\/uploads\/cache\/2017\/03\/Potamot-de-Robbins-2\/3317206596.jpg\" src=\"data:image\/svg+xml,%3Csvg%20xmlns%3D%22http%3A%2F%2Fwww.w3.org%2F2000%2Fsvg%22%20width%3D%22150%22%20height%3D%22150%22%20viewBox%3D%220%200%20150%20150%22%3E%3C%2Fsvg%3E\" loading=\"eager\"><\/span><span class=\"fg-image-overlay\"><\/span><\/a><\/figure><div class=\"fg-loader\"><\/div><\/div><div class=\"fg-item fg-type-image fg-idle\"><figure class=\"fg-item-inner\"><a href=\"https:\/\/www.dunany.ca\/wp-content\/uploads\/2017\/03\/Pr\u00eale-3.jpg\" data-attachment-id=\"8088\" data-type=\"image\" class=\"fg-thumb\"><span class=\"fg-image-wrap\"><img decoding=\"async\" width=\"150\" height=\"150\" class=\"skip-lazy fg-image\" data-src-fg=\"https:\/\/www.dunany.ca\/wp-content\/uploads\/cache\/2017\/03\/Pr\u00eale-3\/3173046879.jpg\" src=\"data:image\/svg+xml,%3Csvg%20xmlns%3D%22http%3A%2F%2Fwww.w3.org%2F2000%2Fsvg%22%20width%3D%22150%22%20height%3D%22150%22%20viewBox%3D%220%200%20150%20150%22%3E%3C%2Fsvg%3E\" loading=\"eager\"><\/span><span class=\"fg-image-overlay\"><\/span><\/a><\/figure><div class=\"fg-loader\"><\/div><\/div><div class=\"fg-item fg-type-image fg-idle\"><figure class=\"fg-item-inner\"><a href=\"https:\/\/www.dunany.ca\/wp-content\/uploads\/2025\/09\/Nenuphar-001-1.jpg\" data-attachment-id=\"17455\" data-type=\"image\" class=\"fg-thumb\"><span class=\"fg-image-wrap\"><img decoding=\"async\" width=\"150\" height=\"150\" class=\"skip-lazy fg-image\" data-src-fg=\"https:\/\/www.dunany.ca\/wp-content\/uploads\/cache\/2025\/09\/Nenuphar-001-1\/3578248212.jpg\" src=\"data:image\/svg+xml,%3Csvg%20xmlns%3D%22http%3A%2F%2Fwww.w3.org%2F2000%2Fsvg%22%20width%3D%22150%22%20height%3D%22150%22%20viewBox%3D%220%200%20150%20150%22%3E%3C%2Fsvg%3E\" loading=\"eager\"><\/span><span class=\"fg-image-overlay\"><\/span><\/a><\/figure><div class=\"fg-loader\"><\/div><\/div><div class=\"fg-item fg-type-image fg-idle\"><figure class=\"fg-item-inner\"><a href=\"https:\/\/www.dunany.ca\/wp-content\/uploads\/2025\/09\/Typha-quenouille-001-3.jpg\" data-attachment-id=\"17477\" data-type=\"image\" class=\"fg-thumb\"><span class=\"fg-image-wrap\"><img decoding=\"async\" width=\"150\" height=\"150\" class=\"skip-lazy fg-image\" data-src-fg=\"https:\/\/www.dunany.ca\/wp-content\/uploads\/cache\/2025\/09\/Typha-quenouille-001-3\/3590359925.jpg\" src=\"data:image\/svg+xml,%3Csvg%20xmlns%3D%22http%3A%2F%2Fwww.w3.org%2F2000%2Fsvg%22%20width%3D%22150%22%20height%3D%22150%22%20viewBox%3D%220%200%20150%20150%22%3E%3C%2Fsvg%3E\" loading=\"eager\"><\/span><span class=\"fg-image-overlay\"><\/span><\/a><\/figure><div class=\"fg-loader\"><\/div><\/div><div class=\"fg-item fg-type-image fg-idle\"><figure class=\"fg-item-inner\"><a href=\"https:\/\/www.dunany.ca\/wp-content\/uploads\/2025\/09\/Vallisnerie-2.jpg\" data-attachment-id=\"17479\" data-type=\"image\" class=\"fg-thumb\"><span class=\"fg-image-wrap\"><img decoding=\"async\" width=\"150\" height=\"150\" class=\"skip-lazy fg-image\" data-src-fg=\"https:\/\/www.dunany.ca\/wp-content\/uploads\/cache\/2025\/09\/Vallisnerie-2\/2558031904.jpg\" src=\"data:image\/svg+xml,%3Csvg%20xmlns%3D%22http%3A%2F%2Fwww.w3.org%2F2000%2Fsvg%22%20width%3D%22150%22%20height%3D%22150%22%20viewBox%3D%220%200%20150%20150%22%3E%3C%2Fsvg%3E\" loading=\"eager\"><\/span><span class=\"fg-image-overlay\"><\/span><\/a><\/figure><div class=\"fg-loader\"><\/div><\/div><\/div>\n\n\n\n<p>Click on the photos to view them properly.<\/p>\n\n\n\n<p><br \/><\/p>\n\n\n\n<p><\/p>\n","protected":false},"excerpt":{"rendered":"<p>We now have a better understanding of the aquatic plants in Boyd Lake.. On August 7, 2025, Bonnie Swaine and Susan Steeves, two lake residents, together with Chrystelle Matte-Richer, an intern with the CRE Laurentides, carried out a survey of&hellip; <\/p>\n","protected":false},"author":2,"featured_media":0,"parent":7096,"menu_order":9,"comment_status":"open","ping_status":"closed","template":"","meta":{"footnotes":""},"class_list":["post-17590","page","type-page","status-publish","hentry"],"_links":{"self":[{"href":"https:\/\/www.dunany.ca\/en\/wp-json\/wp\/v2\/pages\/17590","targetHints":{"allow":["GET"]}}],"collection":[{"href":"https:\/\/www.dunany.ca\/en\/wp-json\/wp\/v2\/pages"}],"about":[{"href":"https:\/\/www.dunany.ca\/en\/wp-json\/wp\/v2\/types\/page"}],"author":[{"embeddable":true,"href":"https:\/\/www.dunany.ca\/en\/wp-json\/wp\/v2\/users\/2"}],"replies":[{"embeddable":true,"href":"https:\/\/www.dunany.ca\/en\/wp-json\/wp\/v2\/comments?post=17590"}],"version-history":[{"count":5,"href":"https:\/\/www.dunany.ca\/en\/wp-json\/wp\/v2\/pages\/17590\/revisions"}],"predecessor-version":[{"id":17599,"href":"https:\/\/www.dunany.ca\/en\/wp-json\/wp\/v2\/pages\/17590\/revisions\/17599"}],"up":[{"embeddable":true,"href":"https:\/\/www.dunany.ca\/en\/wp-json\/wp\/v2\/pages\/7096"}],"wp:attachment":[{"href":"https:\/\/www.dunany.ca\/en\/wp-json\/wp\/v2\/media?parent=17590"}],"curies":[{"name":"wp","href":"https:\/\/api.w.org\/{rel}","templated":true}]}}