{"id":791,"date":"2010-03-30T14:20:09","date_gmt":"2010-03-30T18:20:09","guid":{"rendered":"https:\/\/www.dunany.ca\/?page_id=791"},"modified":"2016-03-11T10:39:38","modified_gmt":"2016-03-11T15:39:38","slug":"shoreline-protection","status":"publish","type":"page","link":"https:\/\/www.dunany.ca\/en\/environment\/shoreline-protection","title":{"rendered":"Shoreline protection"},"content":{"rendered":"<p>Over the years, the DCA has initiated many shoreline restoration projects. The association, under the leadership of Jim Armstrong, has convinced many owners to replant with shrubs, ofteen supplied by the association.<\/p>\n<p>In May of 2008, the MRC d&#8217;Argenteuil promulgated a by-law of shoreline protection which prohibits clearing and cutting, including grass, in the 10 meter protection band around a lake. A summary of that by-law, prepared by Fran\u00e7ois C\u00f4t\u00e9,\u00a0 follows:<\/p>\n<p style=\"text-align: center;\"><strong>Highlights of<\/strong><\/p>\n<p style=\"text-align: center;\"><strong>ARGENTEUIL<\/strong><strong> REGIONAL COUNTY<\/strong><strong> OF MUNICIPALITIES<\/strong><\/p>\n<p style=\"text-align: center;\"><strong>INTERIM CONTROL BYLAW NUMBER <\/strong><strong>55-1-06 (WITH MODIFICATIONS 55-2-06, 55-3-07 AND 55-4-08)<\/strong><\/p>\n<p style=\"text-align: center;\"><strong>CONCERNING<\/strong><strong> THE<\/strong><\/p>\n<p style=\"text-align: center;\"><strong>PROTECTION OF SHORELINES, LAKE, STREAM BEDS AND FLOOD PLAINS<\/strong><\/p>\n<p style=\"text-align: left;\">The blue algae crisis of summer 2007 has shown the vulnerability of lakes and the necessity of additional measures to protect them. On the 12<sup>th<\/sup> of March 2008, the Argenteuil RCM adopted modification 55-4-08, which modifies and strengthens the existing Bylaw 55-1-06 and its modifications 55-2-06 and 55-3-07 on shoreline protection.\u00a0 This modification has been in effect since May 20, 2008.<\/p>\n<p style=\"text-align: left;\">The RCM bylaw is executed by the local municipalities that form the RCM, notably Lachute, Brownsburg-Chatham, Saint-Andr\u00e9-d\u2019Argenteuil, Grenville Village, Grenville-sur-la-Rouge, Gore, Harrington, Mille Isles and Wentworth.<\/p>\n<p>Here are the highlights of this Bylaw:<\/p>\n<p><strong><span style=\"text-decoration: underline;\">Important definitions (in <em>italics)<\/em> and provisions in the bylaw\u00a0:<\/span><\/strong><\/p>\n<p>&nbsp;<\/p>\n<p><strong>Lake<\/strong><strong>: <\/strong><em>Any inland body of water<\/em><\/p>\n<p><strong>Shoreline: <\/strong><em>Strip of land which borders lakes and watercourses and extends inland from the high-water line. <\/em>For the purpose of the bylaw, the shoreline is a <strong>10 m<\/strong><strong> wide strip<\/strong> (or 15 m when the slope of the land is more than 30%).<\/p>\n<p><strong>Bed of lakes and watercourses:<\/strong><\/p>\n<p><em>The territory that extends from the<\/em> <em>high-water line towards the center of the lake or <\/em><em>watercourse<\/em><em>.<\/em><\/p>\n<p><strong>Watercourse<\/strong><strong>: <\/strong><em>All <\/em><em>watercourses<\/em><em> with regular or intermittent flow, including those created or modified by human intervention. <\/em><\/p>\n<p>Most ditches are not watercourses.<\/p>\n<p>For the purpose of the vegetation control prohibition, watercourses are those identified on a <strong>map annexed to the bylaw.<\/strong><\/p>\n<p>&nbsp;<\/p>\n<p><strong>Pruning (tree trimming): <\/strong><\/p>\n<p><em>Suppression of part of the branches of a tree, with the purpose of\u00a0\u00a0\u00a0\u00a0\u00a0\u00a0\u00a0\u00a0\u00a0\u00a0\u00a0\u00a0\u00a0\u00a0 strengthening it, shaping it or lightening its branch load, without causing harm to its health.<\/em><\/p>\n<p>&nbsp;<\/p>\n<p><strong>Works: <\/strong><em>Any building, any excavation or modification of the ground,\u00a0\u00a0\u00a0 including tree clearing, land filling and digging.<\/em><\/p>\n<p>&nbsp;<\/p>\n<p><strong> Window: <\/strong><em>Opening in the vegetation screen allowing a view of the lake or <\/em><em>watercourse<\/em><em>. <\/em><\/p>\n<p>&nbsp;<\/p>\n<p>&nbsp;<\/p>\n<p><strong><span style=\"text-decoration: underline;\">Main provisions of the bylaw<a href=\"#_ftn1\"><strong><span style=\"text-decoration: underline;\">[1]<\/span><\/strong><\/a><\/span><\/strong><\/p>\n<p>&nbsp;<\/p>\n<p><strong>a) <\/strong><strong><span style=\"text-decoration: underline;\">shoreline: <\/span><\/strong><\/p>\n<p>&nbsp;<\/p>\n<ul>\n<li><strong>All building and all works are prohibited on the shoreline of lakes and watercourses.<\/strong><\/li>\n<\/ul>\n<ul>\n<li><strong>Any form of vegetation control, <span style=\"text-decoration: underline;\">including the mowing of lawns<\/span>, brush clearing and tree cutting is prohibited on the shoreline of lakes and watercourses.<\/strong><\/li>\n<\/ul>\n<p>&nbsp;<\/p>\n<p>However, in the case of an <span style=\"text-decoration: underline;\">existing <\/span>legal building built on the shoreline before the bylaw (and thus benefiting of a grandfather clause), vegetation control is allowed in a 2 m band around the building.<\/p>\n<p>&nbsp;<\/p>\n<ul>\n<li>Prohibition of building, works and vegetation control are subject to the following <strong>exemptions<\/strong> :<\/li>\n<\/ul>\n<p>&#8211;\u00a0\u00a0\u00a0\u00a0\u00a0\u00a0\u00a0\u00a0\u00a0 Seeding of grass and plantation of trees, bushes and other vegetation is permitted.<\/p>\n<p>&#8211;\u00a0\u00a0\u00a0\u00a0\u00a0\u00a0\u00a0\u00a0\u00a0 Where the slope of the land is <strong>less than 30 %<\/strong>, a <strong>5 m<\/strong><strong> wide opening<\/strong> in the vegetation can be made to access the lake or watercourse. That opening must be <strong>sinuous<\/strong>, using a <strong>granular material of a big enough size to prevent erosion. <\/strong>Surface sealing materials (asphalt, cement etc.) are prohibited.\u00a0 (Wentworth has stricter provisions.)<\/p>\n<p>&#8211;\u00a0\u00a0\u00a0\u00a0\u00a0\u00a0\u00a0\u00a0\u00a0 Where the slope of the land is <strong>more than 30 %,<\/strong> pruning of trees to form a <strong>5 m<\/strong><strong> wide window<\/strong> in the vegetation, and the layout of a <strong>3 m<\/strong><strong> wide sinuous path<\/strong> made using a <strong>granular material<\/strong> <strong>of size big enough to prevent erosion<\/strong> are allowed. Surface sealing materials are prohibited. A <strong>stairway<\/strong> of a maximum width of 1.2 m can also be built.\u00a0 <span style=\"text-decoration: underline;\">(<\/span>Wentworth has stricter provisions.)<\/p>\n<p>&#8211;\u00a0\u00a0\u00a0\u00a0\u00a0\u00a0\u00a0\u00a0\u00a0 Maintenance and repair of private non-commercial buildings built on the shoreline and benefiting of a grandfather clause is allowed. The use of treated wood is prohibited.<\/p>\n<p>&#8211;\u00a0\u00a0\u00a0\u00a0\u00a0\u00a0\u00a0\u00a0\u00a0 The extension of a private non commercial building and the construction of a subsidiary building are allowed in the shore if the shape of the lot makes it impossible to extend or build in another direction. The extension or new building cannot come closer than 5 m to the shoreline. The use of treated wood is prohibited.\u00a0 (Wentworth has stricter provisions.)<\/p>\n<p>&#8211;\u00a0\u00a0\u00a0\u00a0\u00a0\u00a0\u00a0\u00a0\u00a0 The cutting of disabled, sick, defective, damaged or dead trees is allowed.<\/p>\n<p>&#8211;\u00a0\u00a0\u00a0\u00a0\u00a0\u00a0\u00a0\u00a0\u00a0 The harvesting of trees for commercial purposes (harvest of at least 100 cubic meters) of a maximum of 50 % of commercial trees (trees having a minimum 10 cm diameter at 1.3 m from the ground) is allowed.<\/p>\n<p>&#8211;\u00a0\u00a0\u00a0\u00a0\u00a0\u00a0\u00a0\u00a0\u00a0 Certain types of works such as fences, septic systems, bridges, wells, etc. can be authorized under certain conditions that are detailed in the bylaw.<\/p>\n<p>&#8211;\u00a0\u00a0\u00a0\u00a0\u00a0\u00a0\u00a0\u00a0\u00a0 Only outdoor fires in airtight containers preventing contact of ashes with the ground are allowed.<\/p>\n<ul>\n<li>The Municipal Inspector is allowed to visit any property in order to make sure that the bylaw is being followed, and any owner or resident must let him access the property.<\/li>\n<\/ul>\n<p><strong>b) <span style=\"text-decoration: underline;\">Bed of lakes and watercourses :<\/span><\/strong><\/p>\n<ul>\n<li><strong>All building and all works are prohibited on the bed of lakes and watercourses.<\/strong><\/li>\n<\/ul>\n<p>&nbsp;<\/p>\n<ul>\n<li>That prohibition is subject to the following <strong>exceptions<\/strong><strong> (under certain circumstances with required permits and\/or authorisation certificates)<\/strong>:<\/li>\n<\/ul>\n<p>&nbsp;<\/p>\n<p>&#8211;\u00a0\u00a0\u00a0\u00a0\u00a0\u00a0\u00a0\u00a0\u00a0 <strong>Docks<\/strong>, boat shelters, unloading docks built on <strong>piles, pilings or floating\u00a0 platforms<\/strong><strong>.<\/strong><\/p>\n<p>&#8211;\u00a0\u00a0\u00a0\u00a0\u00a0\u00a0\u00a0\u00a0\u00a0 Maintenance, repair or demolition of <strong>existing <\/strong>constructions and works.<\/p>\n<p>&#8211;\u00a0\u00a0\u00a0\u00a0\u00a0\u00a0\u00a0\u00a0\u00a0 Other works such as water intakes, bridges etc. are allowed under conditions that are specified in the bylaw.<\/p>\n<p>&nbsp;<\/p>\n<p>&nbsp;<\/p>\n<p><strong>Warnings: The present summary is not the Bylaw; the actual Bylaw may be consulted at the Argenteuil RCM or at your Municipal Office. \u00a0Please consult your Municipal Inspector <span style=\"text-decoration: underline;\">BEFORE<\/span> starting any works or construction projects.\u00a0 ANY WORK IN THE SHORELINE REQUIRES A MUNICIPAL AUTHORIZATION CERTIFICATE<\/strong>.<strong> Wentworth\u2019s and perhaps other Municipalities\u2019 Bylaws contain certain provisions which are stricter than the RCM bylaws. <\/strong><\/p>\n<p>&nbsp;<\/p>\n<p><strong>Failure to comply with this and other Bylaws in effect could result in a minimum fine of $300 per day for each day that the infraction continues.\u00a0 The property owner and\/or anyone who aids that person may also be liable for the infraction and the same fine.<\/strong><\/p>\n<p>&nbsp;<\/p>\n<p><strong>Highlights prepared by the Environment Consultative Committee of Wentworth Township. July 2008.<\/strong><\/p>\n<hr size=\"1\" \/>\n<p style=\"text-align: center;\"><a href=\"#_ftnref1\">[1]<\/a> The bylaw contains provisions on flood plains (along North river etc.) and on other subjects which are not summarized in the present document.<\/p>\n","protected":false},"excerpt":{"rendered":"<p>Over the years, the DCA has initiated many shoreline restoration projects. The association, under the leadership of Jim Armstrong, has convinced many owners to replant with shrubs, ofteen supplied by the association. In May of 2008, the MRC d&#8217;Argenteuil promulgated&hellip; <\/p>\n","protected":false},"author":2,"featured_media":0,"parent":7096,"menu_order":5,"comment_status":"open","ping_status":"open","template":"","meta":{"footnotes":""},"class_list":["post-791","page","type-page","status-publish","hentry"],"_links":{"self":[{"href":"https:\/\/www.dunany.ca\/en\/wp-json\/wp\/v2\/pages\/791","targetHints":{"allow":["GET"]}}],"collection":[{"href":"https:\/\/www.dunany.ca\/en\/wp-json\/wp\/v2\/pages"}],"about":[{"href":"https:\/\/www.dunany.ca\/en\/wp-json\/wp\/v2\/types\/page"}],"author":[{"embeddable":true,"href":"https:\/\/www.dunany.ca\/en\/wp-json\/wp\/v2\/users\/2"}],"replies":[{"embeddable":true,"href":"https:\/\/www.dunany.ca\/en\/wp-json\/wp\/v2\/comments?post=791"}],"version-history":[{"count":7,"href":"https:\/\/www.dunany.ca\/en\/wp-json\/wp\/v2\/pages\/791\/revisions"}],"predecessor-version":[{"id":7116,"href":"https:\/\/www.dunany.ca\/en\/wp-json\/wp\/v2\/pages\/791\/revisions\/7116"}],"up":[{"embeddable":true,"href":"https:\/\/www.dunany.ca\/en\/wp-json\/wp\/v2\/pages\/7096"}],"wp:attachment":[{"href":"https:\/\/www.dunany.ca\/en\/wp-json\/wp\/v2\/media?parent=791"}],"curies":[{"name":"wp","href":"https:\/\/api.w.org\/{rel}","templated":true}]}}