{"id":8051,"date":"2017-03-18T13:31:57","date_gmt":"2017-03-18T17:31:57","guid":{"rendered":"https:\/\/www.dunany.ca\/fr\/?page_id=8051"},"modified":"2018-05-29T18:44:00","modified_gmt":"2018-05-29T22:44:00","slug":"clear-lake-plants","status":"publish","type":"page","link":"https:\/\/www.dunany.ca\/en\/environment\/clear-lake-plants","title":{"rendered":"Clear Lake Plants"},"content":{"rendered":"<p>This is the inventory of algae and aquatic plants that a group of Clear lake volunteers built in August 2016 under the supervision of M\u00e9lissa Valiquette, a biologist from the CRE des Laurentides (Environment Council). It is part of a much larger report (en fran\u00e7ais) covering 25 lakes in Argenteuil. If you wish to read it en fran\u00e7ais, <a href=\"https:\/\/www.dunany.ca\/wp-content\/uploads\/2017\/03\/Rapport-plantes_ARG2016.pdf\">click here.<\/a><\/p>\n<p>As this map shows, there are relatively few plants on the lake.<\/p>\n<p><a href=\"https:\/\/www.dunany.ca\/wp-content\/uploads\/2018\/05\/Cartes-des-plantes-aquatiques-lac-Clair-2016.jpg\"><img loading=\"lazy\" decoding=\"async\" class=\"alignleft size-medium wp-image-9563\" src=\"https:\/\/www.dunany.ca\/wp-content\/uploads\/2018\/05\/Cartes-des-plantes-aquatiques-lac-Clair-2016-300x223.jpg\" alt=\"\" width=\"300\" height=\"223\" srcset=\"https:\/\/www.dunany.ca\/wp-content\/uploads\/2018\/05\/Cartes-des-plantes-aquatiques-lac-Clair-2016-300x223.jpg 300w, https:\/\/www.dunany.ca\/wp-content\/uploads\/2018\/05\/Cartes-des-plantes-aquatiques-lac-Clair-2016-768x572.jpg 768w, https:\/\/www.dunany.ca\/wp-content\/uploads\/2018\/05\/Cartes-des-plantes-aquatiques-lac-Clair-2016.jpg 798w\" sizes=\"auto, (max-width: 300px) 100vw, 300px\" \/><\/a><\/p>\n<p>All of these plants are native, or if you prefer, indigenous. Nothing exotic or invasive here. Many you will find in the other Dunany lakes.<\/p>\n<p>I want to draw your attention to the Filamentous algae. Their presence are indicative of excess nutrients going into the lake. Make sure your protective band is wide and strong enough to catch these nutrients before they reach the lake. And, for God&#8217;s sake, do not remove them. The plants reproduce through fragmentation. Trying to remove them will make the situation much worse. And they will most likely disappear by themselves after a while anyway.<\/p>\n<p>And click on the pictures to view them properly.<\/p>\n<p><a href=\"https:\/\/www.dunany.ca\/wp-content\/uploads\/2017\/03\/Eriocaulon-2.jpg\"><img loading=\"lazy\" decoding=\"async\" class=\"alignleft size-thumbnail wp-image-8091\" src=\"https:\/\/www.dunany.ca\/wp-content\/uploads\/2017\/03\/Eriocaulon-2-150x150.jpg\" alt=\"Eriocaulon 2\" width=\"150\" height=\"150\" \/><\/a><a href=\"https:\/\/www.dunany.ca\/wp-content\/uploads\/2017\/03\/Pr\u00eale-3.jpg\"><img loading=\"lazy\" decoding=\"async\" class=\"alignleft size-thumbnail wp-image-8088\" src=\"https:\/\/www.dunany.ca\/wp-content\/uploads\/2017\/03\/Pr\u00eale-3-150x150.jpg\" alt=\"Pr\u00eale 3\" width=\"150\" height=\"150\" \/><\/a><a href=\"https:\/\/www.dunany.ca\/wp-content\/uploads\/2017\/03\/cyp\u00e9rac\u00e9e-2.jpg\"><img loading=\"lazy\" decoding=\"async\" class=\"alignleft size-thumbnail wp-image-8086\" src=\"https:\/\/www.dunany.ca\/wp-content\/uploads\/2017\/03\/cyp\u00e9rac\u00e9e-2-150x150.jpg\" alt=\"cyp\u00e9rac\u00e9e 2\" width=\"150\" height=\"150\" \/><\/a><\/p>\n<p>&nbsp;<\/p>\n<p>&nbsp;<\/p>\n<p>&nbsp;<\/p>\n<p>&nbsp;<\/p>\n<p><a href=\"https:\/\/www.dunany.ca\/wp-content\/uploads\/2017\/03\/Sagittaire-3.jpg\"><img loading=\"lazy\" decoding=\"async\" class=\"alignleft size-thumbnail wp-image-8082\" src=\"https:\/\/www.dunany.ca\/wp-content\/uploads\/2017\/03\/Sagittaire-3-150x150.jpg\" alt=\"Sagittaire 3\" width=\"150\" height=\"150\" \/><\/a><a href=\"https:\/\/www.dunany.ca\/wp-content\/uploads\/2017\/03\/Potamot-de-Robbins-2.jpg\"><img loading=\"lazy\" decoding=\"async\" class=\"alignleft size-thumbnail wp-image-8071\" src=\"https:\/\/www.dunany.ca\/wp-content\/uploads\/2017\/03\/Potamot-de-Robbins-2-150x150.jpg\" alt=\"Potamot de Robbins 2\" width=\"150\" height=\"150\" \/><\/a><a href=\"https:\/\/www.dunany.ca\/wp-content\/uploads\/2017\/03\/Rubaniers-7.jpg\"><img loading=\"lazy\" decoding=\"async\" class=\"alignleft size-thumbnail wp-image-8139\" src=\"https:\/\/www.dunany.ca\/wp-content\/uploads\/2017\/03\/Rubaniers-7-150x150.jpg\" alt=\"Rubaniers 7\" width=\"150\" height=\"150\" \/><\/a><\/p>\n<p>&nbsp;<\/p>\n<p>&nbsp;<\/p>\n<p>&nbsp;<\/p>\n<p>&nbsp;<\/p>\n<p><a href=\"https:\/\/www.dunany.ca\/wp-content\/uploads\/2017\/03\/Potamot-2.jpg\"><img loading=\"lazy\" decoding=\"async\" class=\"alignleft size-thumbnail wp-image-8070\" src=\"https:\/\/www.dunany.ca\/wp-content\/uploads\/2017\/03\/Potamot-2-150x150.jpg\" alt=\"Potamot 2\" width=\"150\" height=\"150\" \/><\/a><a href=\"https:\/\/www.dunany.ca\/wp-content\/uploads\/2017\/03\/Pont\u00e9d\u00e9rie.jpg\"><img loading=\"lazy\" decoding=\"async\" class=\"alignleft size-thumbnail wp-image-8069\" src=\"https:\/\/www.dunany.ca\/wp-content\/uploads\/2017\/03\/Pont\u00e9d\u00e9rie-150x150.jpg\" alt=\"Pont\u00e9d\u00e9rie\" width=\"150\" height=\"150\" \/><\/a><a href=\"https:\/\/www.dunany.ca\/wp-content\/uploads\/2017\/03\/Brasenia-schreberi-001.jpg\"><img loading=\"lazy\" decoding=\"async\" class=\"alignleft size-thumbnail wp-image-8067\" src=\"https:\/\/www.dunany.ca\/wp-content\/uploads\/2017\/03\/Brasenia-schreberi-001-150x150.jpg\" alt=\"Brasenia-schreberi-001\" width=\"150\" height=\"150\" \/><\/a><\/p>\n<p>&nbsp;<\/p>\n<p>&nbsp;<\/p>\n<p>&nbsp;<\/p>\n<p>&nbsp;<\/p>\n<p>&nbsp;<\/p>\n<p><a href=\"https:\/\/www.dunany.ca\/wp-content\/uploads\/2017\/03\/Nymph\u00e9a.jpg\"><img loading=\"lazy\" decoding=\"async\" class=\"size-thumbnail wp-image-8068\" src=\"https:\/\/www.dunany.ca\/wp-content\/uploads\/2017\/03\/Nymph\u00e9a-150x150.jpg\" alt=\"N\u00e9nuphar sur le lac Clair \u00e9t\u00e9 2011\" width=\"150\" height=\"150\" \/><\/a><a href=\"https:\/\/www.dunany.ca\/wp-content\/uploads\/2017\/03\/Nitella-2.jpg\"><img loading=\"lazy\" decoding=\"async\" class=\"alignleft size-thumbnail wp-image-8066\" src=\"https:\/\/www.dunany.ca\/wp-content\/uploads\/2017\/03\/Nitella-2-150x150.jpg\" alt=\"Nitella 2\" width=\"150\" height=\"150\" \/><\/a><a href=\"https:\/\/www.dunany.ca\/wp-content\/uploads\/2017\/03\/Algues-filamenteuses-2.jpg\"><img loading=\"lazy\" decoding=\"async\" class=\"alignleft size-thumbnail wp-image-8065\" src=\"https:\/\/www.dunany.ca\/wp-content\/uploads\/2017\/03\/Algues-filamenteuses-2-150x150.jpg\" alt=\"Algues filamenteuses 2\" width=\"150\" height=\"150\" \/><\/a><\/p>\n","protected":false},"excerpt":{"rendered":"<p>This is the inventory of algae and aquatic plants that a group of Clear lake volunteers built in August 2016 under the supervision of M\u00e9lissa Valiquette, a biologist from the CRE des Laurentides (Environment Council). It is part of a&hellip; <\/p>\n","protected":false},"author":2,"featured_media":0,"parent":7096,"menu_order":5,"comment_status":"open","ping_status":"closed","template":"","meta":{"footnotes":""},"class_list":["post-8051","page","type-page","status-publish","hentry"],"_links":{"self":[{"href":"https:\/\/www.dunany.ca\/en\/wp-json\/wp\/v2\/pages\/8051","targetHints":{"allow":["GET"]}}],"collection":[{"href":"https:\/\/www.dunany.ca\/en\/wp-json\/wp\/v2\/pages"}],"about":[{"href":"https:\/\/www.dunany.ca\/en\/wp-json\/wp\/v2\/types\/page"}],"author":[{"embeddable":true,"href":"https:\/\/www.dunany.ca\/en\/wp-json\/wp\/v2\/users\/2"}],"replies":[{"embeddable":true,"href":"https:\/\/www.dunany.ca\/en\/wp-json\/wp\/v2\/comments?post=8051"}],"version-history":[{"count":15,"href":"https:\/\/www.dunany.ca\/en\/wp-json\/wp\/v2\/pages\/8051\/revisions"}],"predecessor-version":[{"id":9565,"href":"https:\/\/www.dunany.ca\/en\/wp-json\/wp\/v2\/pages\/8051\/revisions\/9565"}],"up":[{"embeddable":true,"href":"https:\/\/www.dunany.ca\/en\/wp-json\/wp\/v2\/pages\/7096"}],"wp:attachment":[{"href":"https:\/\/www.dunany.ca\/en\/wp-json\/wp\/v2\/media?parent=8051"}],"curies":[{"name":"wp","href":"https:\/\/api.w.org\/{rel}","templated":true}]}}