{"id":9336,"date":"2018-03-14T16:32:26","date_gmt":"2018-03-14T20:32:26","guid":{"rendered":"https:\/\/www.dunany.ca?page_id=9336"},"modified":"2022-06-01T16:47:21","modified_gmt":"2022-06-01T20:47:21","slug":"eurasian-watwermilfoil","status":"publish","type":"page","link":"https:\/\/www.dunany.ca\/en\/environment\/eurasian-watwermilfoil","title":{"rendered":"Eurasian Watermilfoil"},"content":{"rendered":"<p>This exotic and very invasive plant &#8211;\u00a0\u00a0 <strong><em>Eurasian Watermilfoil<\/em><\/strong> &#8211; has already spoiled more than 40 lakes in the Laurentians alone.<\/p>\n<p>This is what the plant looks like: <a href=\"https:\/\/www.dunany.ca\/wp-content\/uploads\/2017\/07\/Myriophylle-\u00e0-\u00e9pi-1.jpg\"><img loading=\"lazy\" decoding=\"async\" class=\"size-thumbnail wp-image-9261 alignright\" src=\"https:\/\/www.dunany.ca\/wp-content\/uploads\/2017\/07\/Myriophylle-\u00e0-\u00e9pi-1-150x150.jpg\" alt=\"\" width=\"150\" height=\"150\" srcset=\"https:\/\/www.dunany.ca\/wp-content\/uploads\/2017\/07\/Myriophylle-\u00e0-\u00e9pi-1-150x150.jpg 150w, https:\/\/www.dunany.ca\/wp-content\/uploads\/2017\/07\/Myriophylle-\u00e0-\u00e9pi-1-230x230.jpg 230w\" sizes=\"auto, (max-width: 150px) 100vw, 150px\" \/><\/a><\/p>\n<p>Fortunately, there is none in Argenteuil. None in our lakes.<\/p>\n<p>And below, this is what a lake with Eurasian Watermilfoil looks like:<a href=\"https:\/\/www.dunany.ca\/wp-content\/uploads\/2018\/06\/Eurasian-Watermilfoil.jpg\"><img loading=\"lazy\" decoding=\"async\" class=\"alignleft size-full wp-image-9617\" src=\"https:\/\/www.dunany.ca\/wp-content\/uploads\/2018\/06\/Eurasian-Watermilfoil.jpg\" alt=\"\" width=\"1018\" height=\"764\" srcset=\"https:\/\/www.dunany.ca\/wp-content\/uploads\/2018\/06\/Eurasian-Watermilfoil.jpg 1018w, https:\/\/www.dunany.ca\/wp-content\/uploads\/2018\/06\/Eurasian-Watermilfoil-300x225.jpg 300w, https:\/\/www.dunany.ca\/wp-content\/uploads\/2018\/06\/Eurasian-Watermilfoil-768x576.jpg 768w\" sizes=\"auto, (max-width: 1018px) 100vw, 1018px\" \/><\/a><\/p>\n<p>We absolutely must protect ourselves against this.<\/p>\n<p>It is <strong>now our biggest threat<\/strong>!<\/p>\n<p>So, this summer, make sure that the boats brought in by renters and friends &#8211; and yours if it is used in a foreign lake &#8211; are thoroughly washed before they navigate your lake.<\/p>\n<p>Same applies to paddles, fishing gear, electric motors.<\/p>\n<p>Here is how to proceed. Follow these four steps: <strong>inspect &#8211; drain &#8211; clean &#8211; dry<\/strong><\/p>\n<p><strong>Inspection<\/strong> is the most important. If you look carefully, you will probably locate exotic plants or molluscs. <strong>Drain<\/strong> to make sure there is no leftover water at the bottom of your kayak, for example. <strong>Clean<\/strong> with fresh water and a bit of <strong>bleach<\/strong>. Finally, let<strong> dry<\/strong> in the sun.<\/p>\n<p>All this should be done at a good distance from the lake.<\/p>\n<p>If you wish to know more about this plant,\u00a0 this \u00a0<a href=\"https:\/\/crelaurentides.org\/wp-content\/uploads\/2021\/10\/CRE_Myriophylle_2018-Anglais_web.pdf\">Guide\u00a0 will prove helpfull<\/a><\/p>\n<p>\u00a0<\/p>\n<p>You can also watch this excellent video from CRE Laurentides (en fran\u00e7ais) to find out how to identify it.<\/p>\n<div id=\"SL_balloon_obj\" style=\"display: block;\">\n<div id=\"SL_button\" class=\"SL_ImTranslatorLogo\" style=\"background: rgba(0, 0, 0, 0) url('moz-extension:\/\/0cf82765-a3f5-40d2-81cc-92418d7b8ac2\/content\/img\/util\/imtranslator-s.png') repeat scroll 0% 0%; opacity: 1; display: none; left: 179px; top: 32px;\">\u00a0<\/div>\n<div id=\"SL_shadow_translation_result2\" style=\"display: none;\">\u00a0<\/div>\n<div id=\"SL_shadow_translator\" style=\"display: none;\">\n<div id=\"SL_planshet\">\n<div id=\"SL_arrow_up\" style=\"background: rgba(0, 0, 0, 0) url('moz-extension:\/\/0cf82765-a3f5-40d2-81cc-92418d7b8ac2\/content\/img\/util\/up.png') repeat scroll 0% 0%;\">\u00a0<\/div>\n<div id=\"SL_Bproviders\">\n<div id=\"SL_P0\" class=\"SL_BL_LABLE_ON\" title=\"Google\">G<\/div>\n<div id=\"SL_P1\" class=\"SL_BL_LABLE_ON\" title=\"Microsoft\">M<\/div>\n<div id=\"SL_P2\" class=\"SL_BL_LABLE_ON\" title=\"Translator\">T<\/div>\n<\/div>\n<div id=\"SL_alert_bbl\" style=\"display: none;\">\n<div id=\"SLHKclose\" style=\"background: rgba(0, 0, 0, 0) url('moz-extension:\/\/0cf82765-a3f5-40d2-81cc-92418d7b8ac2\/content\/img\/util\/delete.png') repeat scroll 0% 0%;\">\u00a0<\/div>\n<div id=\"SL_alert_cont\">\u00a0<\/div>\n<\/div>\n<div id=\"SL_TB\">\n<table id=\"SL_tables\" cellspacing=\"1\">\n<tbody>\n<tr>\n<td class=\"SL_td\" align=\"right\" width=\"10%\"><input id=\"SL_locer\" title=\"Fixer la langue\" type=\"checkbox\" \/><\/td>\n<td class=\"SL_td\" align=\"left\" width=\"20%\"><select id=\"SL_lng_from\" style=\"background: #ffffff url('moz-extension:\/\/0cf82765-a3f5-40d2-81cc-92418d7b8ac2\/content\/img\/util\/select.png') no-repeat scroll 100% 0px;\">\n<option value=\"auto\">D\u00e9tecter la langue<\/option>\n<option value=\"af\">Afrikaans<\/option>\n<option value=\"sq\">Albanais<\/option>\n<option value=\"de\">Allemand<\/option>\n<option value=\"en\">Anglais<\/option>\n<option value=\"ar\">Arabe<\/option>\n<option value=\"hy\">Arm\u00e9nien<\/option>\n<option value=\"az\">Az\u00e9ri<\/option>\n<option value=\"eu\">Basque<\/option>\n<option value=\"bn\">Bengali<\/option>\n<option value=\"be\">Bi\u00e9lorusse<\/option>\n<option value=\"my\">Birman<\/option>\n<option value=\"bs\">Bosniaque<\/option>\n<option value=\"bg\">Bulgare<\/option>\n<option value=\"ca\">Catalan<\/option>\n<option value=\"ceb\">Cebuano<\/option>\n<option value=\"ny\">Chichewa<\/option>\n<option value=\"zh-CN\">Chinois (Simp)<\/option>\n<option value=\"zh-TW\">Chinois (Trad)<\/option>\n<option value=\"si\">Cingalai<\/option>\n<option value=\"ko\">Cor\u00e9en<\/option>\n<option value=\"ht\">Cr\u00e9ole ha\u00eftien<\/option>\n<option value=\"hr\">Croate<\/option>\n<option value=\"da\">Danois<\/option>\n<option value=\"es\">Espagnol<\/option>\n<option value=\"eo\">Esp\u00e9ranto<\/option>\n<option value=\"et\">Estonien<\/option>\n<option value=\"fi\">Finnois<\/option>\n<option value=\"fr\">Fran\u00e7ais<\/option>\n<option value=\"gl\">Galicien<\/option>\n<option value=\"cy\">Gallois<\/option>\n<option value=\"ka\">G\u00e9orgien<\/option>\n<option value=\"gu\">Goudjarati<\/option>\n<option value=\"el\">Grec<\/option>\n<option value=\"ha\">Haoussa<\/option>\n<option value=\"iw\">H\u00e9breu<\/option>\n<option value=\"hi\">Hindi<\/option>\n<option value=\"hmn\">Hmong<\/option>\n<option value=\"hu\">Hongrois<\/option>\n<option value=\"ig\">Igbo<\/option>\n<option value=\"id\">Indon\u00e9sien<\/option>\n<option value=\"ga\">Irlandais<\/option>\n<option value=\"is\">Islandais<\/option>\n<option value=\"it\">Italien<\/option>\n<option value=\"ja\">Japonais<\/option>\n<option value=\"jw\">Javanais<\/option>\n<option value=\"kn\">Kannada<\/option>\n<option value=\"kk\">Kazakh<\/option>\n<option value=\"km\">Khmer<\/option>\n<option value=\"lo\">Laotien<\/option>\n<option value=\"la\">Latin<\/option>\n<option value=\"lv\">Letton<\/option>\n<option value=\"lt\">Lituanien<\/option>\n<option value=\"mk\">Mac\u00e9donien<\/option>\n<option value=\"ms\">Malaisien<\/option>\n<option value=\"ml\">Malayalam<\/option>\n<option value=\"mg\">Malgache<\/option>\n<option value=\"mt\">Maltais<\/option>\n<option value=\"mi\">Maori<\/option>\n<option value=\"mr\">Marathi<\/option>\n<option value=\"mn\">Mongol<\/option>\n<option value=\"nl\">N\u00e9erlandais<\/option>\n<option value=\"ne\">N\u00e9palais<\/option>\n<option value=\"no\">Norv\u00e9gien<\/option>\n<option value=\"uz\">Ouzbek<\/option>\n<option value=\"pa\">Panjabi<\/option>\n<option value=\"fa\">Persan<\/option>\n<option value=\"pl\">Polonais<\/option>\n<option value=\"pt\">Portugais<\/option>\n<option value=\"ro\">Roumain<\/option>\n<option value=\"ru\">Russe<\/option>\n<option value=\"sr\">Serbe<\/option>\n<option value=\"st\">Sesotho<\/option>\n<option value=\"sk\">Slovaque<\/option>\n<option value=\"sl\">Slov\u00e8ne<\/option>\n<option value=\"so\">Somali<\/option>\n<option value=\"su\">Soudanais<\/option>\n<option value=\"sv\">Su\u00e9dois<\/option>\n<option value=\"sw\">Swahili<\/option>\n<option value=\"tg\">Tadjik<\/option>\n<option value=\"tl\">Tagalog<\/option>\n<option value=\"ta\">Tamoul<\/option>\n<option value=\"cs\">Tch\u00e8que<\/option>\n<option value=\"te\">Telugu<\/option>\n<option value=\"th\">Tha\u00ef<\/option>\n<option value=\"tr\">Turc<\/option>\n<option value=\"uk\">Ukrainien<\/option>\n<option value=\"ur\">Urdu<\/option>\n<option value=\"vi\">Vietnamien<\/option>\n<option value=\"yi\">Yiddish<\/option>\n<option value=\"yo\">Yorouba<\/option>\n<option value=\"zu\">Zoulou<\/option>\n<\/select><\/td>\n<td class=\"SL_td\" align=\"center\" width=\"3\">\n<div id=\"SL_switch_b\" style=\"background: rgba(0, 0, 0, 0) url('moz-extension:\/\/0cf82765-a3f5-40d2-81cc-92418d7b8ac2\/content\/img\/util\/switchb.png') repeat scroll 0% 0%;\" title=\"Inverser les langues\">\u00a0<\/div>\n<\/td>\n<td class=\"SL_td\" align=\"left\" width=\"20%\"><select id=\"SL_lng_to\" style=\"background: #ffffff url('moz-extension:\/\/0cf82765-a3f5-40d2-81cc-92418d7b8ac2\/content\/img\/util\/select.png') no-repeat scroll 100% 0px;\">\n<option value=\"af\">Afrikaans<\/option>\n<option value=\"sq\">Albanais<\/option>\n<option value=\"de\">Allemand<\/option>\n<option value=\"en\">Anglais<\/option>\n<option value=\"ar\">Arabe<\/option>\n<option value=\"hy\">Arm\u00e9nien<\/option>\n<option value=\"az\">Az\u00e9ri<\/option>\n<option value=\"eu\">Basque<\/option>\n<option value=\"bn\">Bengali<\/option>\n<option value=\"be\">Bi\u00e9lorusse<\/option>\n<option value=\"my\">Birman<\/option>\n<option value=\"bs\">Bosniaque<\/option>\n<option value=\"bg\">Bulgare<\/option>\n<option value=\"ca\">Catalan<\/option>\n<option value=\"ceb\">Cebuano<\/option>\n<option value=\"ny\">Chichewa<\/option>\n<option value=\"zh-CN\">Chinois (Simp)<\/option>\n<option value=\"zh-TW\">Chinois (Trad)<\/option>\n<option value=\"si\">Cingalai<\/option>\n<option value=\"ko\">Cor\u00e9en<\/option>\n<option value=\"ht\">Cr\u00e9ole ha\u00eftien<\/option>\n<option value=\"hr\">Croate<\/option>\n<option value=\"da\">Danois<\/option>\n<option value=\"es\">Espagnol<\/option>\n<option value=\"eo\">Esp\u00e9ranto<\/option>\n<option value=\"et\">Estonien<\/option>\n<option value=\"fi\">Finnois<\/option>\n<option selected=\"selected\" value=\"fr\">Fran\u00e7ais<\/option>\n<option value=\"gl\">Galicien<\/option>\n<option value=\"cy\">Gallois<\/option>\n<option value=\"ka\">G\u00e9orgien<\/option>\n<option value=\"gu\">Goudjarati<\/option>\n<option value=\"el\">Grec<\/option>\n<option value=\"ha\">Haoussa<\/option>\n<option value=\"iw\">H\u00e9breu<\/option>\n<option value=\"hi\">Hindi<\/option>\n<option value=\"hmn\">Hmong<\/option>\n<option value=\"hu\">Hongrois<\/option>\n<option value=\"ig\">Igbo<\/option>\n<option value=\"id\">Indon\u00e9sien<\/option>\n<option value=\"ga\">Irlandais<\/option>\n<option value=\"is\">Islandais<\/option>\n<option value=\"it\">Italien<\/option>\n<option value=\"ja\">Japonais<\/option>\n<option value=\"jw\">Javanais<\/option>\n<option value=\"kn\">Kannada<\/option>\n<option value=\"kk\">Kazakh<\/option>\n<option value=\"km\">Khmer<\/option>\n<option value=\"lo\">Laotien<\/option>\n<option value=\"la\">Latin<\/option>\n<option value=\"lv\">Letton<\/option>\n<option value=\"lt\">Lituanien<\/option>\n<option value=\"mk\">Mac\u00e9donien<\/option>\n<option value=\"ms\">Malaisien<\/option>\n<option value=\"ml\">Malayalam<\/option>\n<option value=\"mg\">Malgache<\/option>\n<option value=\"mt\">Maltais<\/option>\n<option value=\"mi\">Maori<\/option>\n<option value=\"mr\">Marathi<\/option>\n<option value=\"mn\">Mongol<\/option>\n<option value=\"nl\">N\u00e9erlandais<\/option>\n<option value=\"ne\">N\u00e9palais<\/option>\n<option value=\"no\">Norv\u00e9gien<\/option>\n<option value=\"uz\">Ouzbek<\/option>\n<option value=\"pa\">Panjabi<\/option>\n<option value=\"fa\">Persan<\/option>\n<option value=\"pl\">Polonais<\/option>\n<option value=\"pt\">Portugais<\/option>\n<option value=\"ro\">Roumain<\/option>\n<option value=\"ru\">Russe<\/option>\n<option value=\"sr\">Serbe<\/option>\n<option value=\"st\">Sesotho<\/option>\n<option value=\"sk\">Slovaque<\/option>\n<option value=\"sl\">Slov\u00e8ne<\/option>\n<option value=\"so\">Somali<\/option>\n<option value=\"su\">Soudanais<\/option>\n<option value=\"sv\">Su\u00e9dois<\/option>\n<option value=\"sw\">Swahili<\/option>\n<option value=\"tg\">Tadjik<\/option>\n<option value=\"tl\">Tagalog<\/option>\n<option value=\"ta\">Tamoul<\/option>\n<option value=\"cs\">Tch\u00e8que<\/option>\n<option value=\"te\">Telugu<\/option>\n<option value=\"th\">Tha\u00ef<\/option>\n<option value=\"tr\">Turc<\/option>\n<option value=\"uk\">Ukrainien<\/option>\n<option value=\"ur\">Urdu<\/option>\n<option value=\"vi\">Vietnamien<\/option>\n<option value=\"yi\">Yiddish<\/option>\n<option value=\"yo\">Yorouba<\/option>\n<option value=\"zu\">Zoulou<\/option>\n<\/select><\/td>\n<td class=\"SL_td\" align=\"center\" width=\"8%\">\n<div id=\"SL_TTS_voice\" style=\"background: rgba(0, 0, 0, 0) url('moz-extension:\/\/0cf82765-a3f5-40d2-81cc-92418d7b8ac2\/content\/img\/util\/ttsvoice.png') repeat scroll 0% 0%;\" title=\"undefined\">\u00a0<\/div>\n<\/td>\n<td class=\"SL_td\" align=\"center\" width=\"8%\">\n<div id=\"SL_copy\" class=\"SL_copy\" style=\"background: rgba(0, 0, 0, 0) url('moz-extension:\/\/0cf82765-a3f5-40d2-81cc-92418d7b8ac2\/content\/img\/util\/copy.png') repeat scroll 0% 0%;\" title=\"Copier\">\u00a0<\/div>\n<\/td>\n<td class=\"SL_td\" align=\"center\" width=\"8%\">\n<div id=\"SL_bbl_font_patch\">\u00a0<\/div>\n<div id=\"SL_bbl_font\" class=\"SL_bbl_font\" style=\"background: rgba(0, 0, 0, 0) url('moz-extension:\/\/0cf82765-a3f5-40d2-81cc-92418d7b8ac2\/content\/img\/util\/font.png') repeat scroll 0% 0%;\" title=\"Taille de police\">\u00a0<\/div>\n<\/td>\n<td class=\"SL_td\" align=\"center\" width=\"8%\">\n<div id=\"SL_bbl_help\" style=\"background: rgba(0, 0, 0, 0) url('moz-extension:\/\/0cf82765-a3f5-40d2-81cc-92418d7b8ac2\/content\/img\/util\/bhelp.png') repeat scroll 0% 0%;\" title=\"Aide\">\u00a0<\/div>\n<\/td>\n<td class=\"SL_td\" align=\"right\" width=\"15%\">\n<div id=\"SL_pin\" class=\"SL_pin_off\" style=\"background: rgba(0, 0, 0, 0) url('moz-extension:\/\/0cf82765-a3f5-40d2-81cc-92418d7b8ac2\/content\/img\/util\/pin-on.png') repeat scroll 0% 0%;\" title=\"Fixer la fen\u00eatre pop-up\">\u00a0<\/div>\n<\/td>\n<\/tr>\n<\/tbody>\n<\/table>\n<\/div>\n<\/div>\n<div id=\"SL_shadow_translation_result\" style=\"visibility: visible;\">\u00a0<\/div>\n<div id=\"SL_loading\" class=\"SL_loading\" style=\"background: rgba(0, 0, 0, 0) url('moz-extension:\/\/0cf82765-a3f5-40d2-81cc-92418d7b8ac2\/content\/img\/util\/loading.gif') repeat scroll 0% 0%;\">\u00a0<\/div>\n<div id=\"SL_player2\">\u00a0<\/div>\n<div id=\"SL_alert100\">Fonction Sound est limit\u00e9e \u00e0 200 caract\u00e8res<\/div>\n<div id=\"SL_Balloon_options\" style=\"background: #ffffff url('moz-extension:\/\/0cf82765-a3f5-40d2-81cc-92418d7b8ac2\/content\/img\/util\/bg3.png') repeat scroll 0% 0%;\">\n<div id=\"SL_arrow_down\" style=\"background: rgba(0, 0, 0, 0) url('moz-extension:\/\/0cf82765-a3f5-40d2-81cc-92418d7b8ac2\/content\/img\/util\/down.png') repeat scroll 0% 0%;\">\u00a0<\/div>\n<table id=\"SL_tbl_opt\" width=\"100%\">\n<tbody>\n<tr>\n<td align=\"center\" width=\"5%\"><input id=\"SL_BBL_locer\" title=\"Afficher le bouton ImTranslator 3 secondes\" checked=\"checked\" type=\"checkbox\" \/><\/td>\n<td align=\"left\" width=\"5%\">\n<div id=\"SL_BBL_IMG\" style=\"background: rgba(0, 0, 0, 0) url('moz-extension:\/\/0cf82765-a3f5-40d2-81cc-92418d7b8ac2\/content\/img\/util\/bbl-logo.png') repeat scroll 0% 0%;\" title=\"Afficher le bouton ImTranslator 3 secondes\">\u00a0<\/div>\n<\/td>\n<td align=\"center\" width=\"70%\"><a class=\"SL_options\" title=\"Afficher les options\" href=\"\/\/0cf82765-a3f5-40d2-81cc-92418d7b8ac2\/content\/html\/options\/options.html?bbl\" target=\"_blank\" rel=\"noopener\">Options<\/a> : <a class=\"SL_options\" title=\"Historique des traductions\" href=\"\/\/0cf82765-a3f5-40d2-81cc-92418d7b8ac2\/content\/html\/options\/options.html?hist\" target=\"_blank\" rel=\"noopener\">Historique<\/a> : <a class=\"SL_options\" title=\"Commentaires\" href=\"\/\/0cf82765-a3f5-40d2-81cc-92418d7b8ac2\/content\/html\/options\/options.html?feed\" target=\"_blank\" rel=\"noopener\">Commentaires<\/a> : <a class=\"SL_options\" title=\"Faire une contribution\" href=\"https:\/\/www.paypal.com\/cgi-bin\/webscr?cmd=_s-xclick&amp;hosted_button_id=GD9D8CPW8HFA2\" target=\"_blank\" rel=\"noopener\">Donate<\/a><\/td>\n<td align=\"right\" width=\"15%\"><span id=\"SL_Balloon_Close\" title=\"Fermer\">Fermer<\/span><\/td>\n<\/tr>\n<\/tbody>\n<\/table>\n<\/div>\n<\/div>\n<\/div>\n\n\n<figure class=\"wp-block-embed is-type-video is-provider-youtube wp-block-embed-youtube wp-embed-aspect-16-9 wp-has-aspect-ratio\"><div class=\"wp-block-embed__wrapper\">\n<iframe loading=\"lazy\" title=\"Identification du myriophylle \u00e0 \u00e9pis\" width=\"700\" height=\"394\" src=\"https:\/\/www.youtube.com\/embed\/WLs0xwrA2Ik?feature=oembed\" frameborder=\"0\" allow=\"accelerometer; autoplay; clipboard-write; encrypted-media; gyroscope; picture-in-picture\" allowfullscreen><\/iframe>\n<\/div><\/figure>\n","protected":false},"excerpt":{"rendered":"<p>This exotic and very invasive plant &#8211;\u00a0\u00a0 Eurasian Watermilfoil &#8211; has already spoiled more than 40 lakes in the Laurentians alone. This is what the plant looks like: Fortunately, there is none in Argenteuil. None in our lakes. And below,&hellip; <\/p>\n","protected":false},"author":2,"featured_media":0,"parent":7096,"menu_order":3,"comment_status":"open","ping_status":"open","template":"","meta":{"footnotes":""},"class_list":["post-9336","page","type-page","status-publish","hentry"],"_links":{"self":[{"href":"https:\/\/www.dunany.ca\/en\/wp-json\/wp\/v2\/pages\/9336","targetHints":{"allow":["GET"]}}],"collection":[{"href":"https:\/\/www.dunany.ca\/en\/wp-json\/wp\/v2\/pages"}],"about":[{"href":"https:\/\/www.dunany.ca\/en\/wp-json\/wp\/v2\/types\/page"}],"author":[{"embeddable":true,"href":"https:\/\/www.dunany.ca\/en\/wp-json\/wp\/v2\/users\/2"}],"replies":[{"embeddable":true,"href":"https:\/\/www.dunany.ca\/en\/wp-json\/wp\/v2\/comments?post=9336"}],"version-history":[{"count":10,"href":"https:\/\/www.dunany.ca\/en\/wp-json\/wp\/v2\/pages\/9336\/revisions"}],"predecessor-version":[{"id":13711,"href":"https:\/\/www.dunany.ca\/en\/wp-json\/wp\/v2\/pages\/9336\/revisions\/13711"}],"up":[{"embeddable":true,"href":"https:\/\/www.dunany.ca\/en\/wp-json\/wp\/v2\/pages\/7096"}],"wp:attachment":[{"href":"https:\/\/www.dunany.ca\/en\/wp-json\/wp\/v2\/media?parent=9336"}],"curies":[{"name":"wp","href":"https:\/\/api.w.org\/{rel}","templated":true}]}}